{"id":16,"date":"2015-11-03T16:15:54","date_gmt":"2015-11-03T15:15:54","guid":{"rendered":"http:\/\/www.macelleriacolleoni.it\/?page_id=16"},"modified":"2017-01-18T16:56:33","modified_gmt":"2017-01-18T15:56:33","slug":"ricette","status":"publish","type":"page","link":"https:\/\/www.macelleriacolleoni.it\/?page_id=16","title":{"rendered":"Ricette"},"content":{"rendered":"<h2>Ossibuchi di vitello in umido<\/h2>\n<p><img loading=\"lazy\" class=\"alignleft size-thumbnail wp-image-293\" style=\"margin-left: 10px; margin-right: 10px;\" alt=\"ossi buchi\" src=\"http:\/\/www.macelleriacolleoni.it\/wp-content\/uploads\/2015\/11\/ossi-buchi-150x150.jpg\" width=\"150\" height=\"150\" \/><\/p>\n<p style=\"text-align: justify;\">L&#8217;ossobuco in umido \u00e8 un secondo piatto di origine lombarda che viene solitamente preparato e consumato durante la stagione fredda.<\/p>\n<p style=\"text-align: justify;\">In macelleria li potrai trovare<strong> gi\u00e0 pronti da mettere in padella<\/strong>: tagliati della giusta altezza, come da tradizione, e con delle incisioni sui bordi in modo che in cottura non si &#8220;arriccino&#8221;.<\/p>\n<p style=\"text-align: justify;\">Metti gli ossibuchi infarinati in olio e falli colorire da entrambi i lati mantenendo la fiamma medio bassa.\u00a0Sfuma con del vino bianco e successivamente aggiungi un bicchiere di brodo. Unisci del sedano e delle carote tritate. Copri la padella e fai cuocere per circa un&#8217;ora (consigliabile un&#8217;ora di cottura ogni kg di carne).<\/p>\n<p style=\"text-align: justify;\">Un piatto delizioso da accompagnare con la polenta taragna!<\/p>\n<h2>Polpettine<\/h2>\n<p><a href=\"http:\/\/www.macelleriacolleoni.it\/wp-content\/uploads\/2015\/11\/polpettine.jpg\"><img loading=\"lazy\" class=\"alignleft size-thumbnail wp-image-292\" style=\"margin-left: 10px; margin-right: 10px;\" alt=\"polpettine\" src=\"http:\/\/www.macelleriacolleoni.it\/wp-content\/uploads\/2015\/11\/polpettine-150x150.jpg\" width=\"150\" height=\"150\" \/><\/a><\/p>\n<p style=\"text-align: justify;\">Le polpette\u00a0sono una delle pietanze\u00a0pi\u00f9 versatili in cucina. Sono apprezzate dai bambini e dagli adulti e sono soprattutto molto facili e veloci da preparare.<\/p>\n<p style=\"text-align: justify;\">Siamo lieti di preparare le polpette che pi\u00f9 stuzzicano il tuo palato e che pi\u00f9 ama la tua famiglia. Qui vogliamo suggerirti la <strong>ricetta pi\u00f9 richiesta<\/strong> dai nostri clienti: polpettine con carne di scottona con uova, pan grattato, prezzemolo e Parmigiano Reggiano 36 mesi. Fai rosolare in un filo d&#8217;olio le polpette dorandole su tutte i lati. Dopo 10 minuti aggiungi qualche cucchiaio di passata di pomodoro e cuoci per altri 10 minuti. Una vera bont\u00e0.<\/p>\n<p style=\"text-align: justify;\">Ti aspettiamo in negozio per preparare le TUE polpettine personalizzate!<\/p>\n<h2>Straccetti di tacchino<\/h2>\n<p><a href=\"http:\/\/www.macelleriacolleoni.it\/wp-content\/uploads\/2015\/11\/straccetti-tacchino.jpg\"><img loading=\"lazy\" class=\"alignleft size-thumbnail wp-image-291\" style=\"margin-left: 10px; margin-right: 10px;\" alt=\"straccetti tacchino\" src=\"http:\/\/www.macelleriacolleoni.it\/wp-content\/uploads\/2015\/11\/straccetti-tacchino-150x150.jpg\" width=\"150\" height=\"150\" \/><\/a><\/p>\n<p style=\"text-align: justify;\">La carne di tacchino \u00e8 sicuramente facilmente\u00a0digeribile\u00a0e nel contempo\u00a0nutriente, ricca di\u00a0sostanze benefiche e, perch\u00e8 no, anche adatta alla dieta.<\/p>\n<p style=\"text-align: justify;\">Per una ricetta veloce e gustosa ti consigliamo gli straccetti di petto di tacchino con zucchine. E&#8217; importante che il\u00a0<strong>taglio<\/strong>\u00a0della carne sia\u00a0<strong>perpendicolare<\/strong>\u00a0alla direzione delle fibre muscolari in modo che la carne risulti tenera. Saremo lieti di mostrarti in macelleria la preparazione ideale.<\/p>\n<p style=\"text-align: justify;\">Fai rosolare gli straccetti ben infarinati in un filo d&#8217;olio. Sfuma con un bicchiere di vino bianco e continua a mescolare per garantire una doratura omogenea. Unisci le zucchine e lascia cuocere a fuoco medio per circa 30 minuti aggiungendo del brodo vegetale caldo se necessario.<\/p>\n<h2 style=\"text-align: justify;\">Carpaccio di Scottona<\/h2>\n<p><a href=\"http:\/\/www.macelleriacolleoni.it\/wp-content\/uploads\/2015\/11\/carpaccio.jpg\"><img loading=\"lazy\" class=\"alignleft size-thumbnail wp-image-290\" style=\"margin-left: 10px; margin-right: 10px;\" alt=\"carpaccio\" src=\"http:\/\/www.macelleriacolleoni.it\/wp-content\/uploads\/2015\/11\/carpaccio-150x150.jpg\" width=\"150\" height=\"150\" \/><\/a><\/p>\n<p style=\"text-align: justify;\">Il carpaccio\u00a0con rucola e grana \u00e8 una pietanza semplice e veloce da preparare che non ha bisogno\u00a0di\u00a0alcuna cottura e per questo si pu\u00f2 definire un fresco piatto estivo.<\/p>\n<p style=\"text-align: justify;\">Nella nostra macelleria potrai trovare il carpaccio di scottona: <strong>fettine sottilissime di carne pregiata<\/strong> di femmina di bovino di et\u00e0 non superiore a 15 mesi che non \u00e8 mai stata gravida con una frollatura di 30 giorni.<\/p>\n<p style=\"text-align: justify;\">Avrai il piacere di assaporare una carne morbida, tenerissima e dal sapore unico&#8230;provare per credere!<\/p>\n<h2>I nostri Cotechini e Zamponi<\/h2>\n<p><a href=\"http:\/\/www.macelleriacolleoni.it\/wp-content\/uploads\/2015\/11\/cotechino-e-lenticchie.jpg\"><img loading=\"lazy\" class=\"alignleft size-thumbnail wp-image-287\" style=\"margin-left: 10px; margin-right: 10px;\" alt=\"cotechino e lenticchie\" src=\"http:\/\/www.macelleriacolleoni.it\/wp-content\/uploads\/2015\/11\/cotechino-e-lenticchie-150x150.jpg\" width=\"150\" height=\"150\" srcset=\"https:\/\/www.macelleriacolleoni.it\/wp-content\/uploads\/2015\/11\/cotechino-e-lenticchie-150x150.jpg 150w, https:\/\/www.macelleriacolleoni.it\/wp-content\/uploads\/2015\/11\/cotechino-e-lenticchie-300x300.jpg 300w, https:\/\/www.macelleriacolleoni.it\/wp-content\/uploads\/2015\/11\/cotechino-e-lenticchie.jpg 750w\" sizes=\"(max-width: 150px) 100vw, 150px\" \/><\/a><\/p>\n<p style=\"text-align: justify;\">Ecco a voi un piatto classico del capodanno ma buono tutto l&#8217;anno. Grazie alla diretta lavorazione dei maiali presso il nostro laboratorio siamo lieti di offrirti <strong>prodotti artigianali di qualit\u00e0<\/strong> come salami, salamelle, salsicce, pancette arrotolate stagionate, pancette tese, prosciutto cotto di alta gastronomia, lardo aromatizzato e gli inconfondibili COTECHINI (M\u03cbset) e ZAMPONI.<\/p>\n<p style=\"text-align: justify;\">La cottura \u00e8 semplicissima: metti in una pentola con abbondante acqua fredda il cotechino (o lo zampone) e riponila sul fuoco. Lascia cuocere per circa un&#8217;ora dall&#8217;ebollizione (due per lo zampone) e servi con spinaci, lenticchie o pur\u00e8 di patate. Il successo \u00e8 garantito!!!<\/p>\n<h2>Coniglio nostrano disossato ripieno<\/h2>\n<p><a href=\"http:\/\/www.macelleriacolleoni.it\/wp-content\/uploads\/2015\/11\/coniglio-disossato-ripieno.jpg\"><img loading=\"lazy\" class=\"alignleft size-thumbnail wp-image-286\" style=\"margin-left: 10px; margin-right: 10px;\" alt=\"coniglio disossato ripieno\" src=\"http:\/\/www.macelleriacolleoni.it\/wp-content\/uploads\/2015\/11\/coniglio-disossato-ripieno-150x150.jpg\" width=\"150\" height=\"150\" \/><\/a><\/p>\n<p style=\"text-align: justify;\">Il coniglio arrosto \u00e8 sicuramente il piatto ideale per i pranzi domenicali in famiglia. Noi, con questa ricetta, abbiamo voluto reinterpretare questo piatto tradizionale non privandolo per\u00f2 del suo inconfondibile sapore. Dovrai solo pensare alla cottura&#8230;alla <strong>disossatura dei nostri conigli <\/strong>nostrani, alla farcitura con il nostro inconfondibile ripieno e alla legatura a mano penseremo noi.<\/p>\n<p style=\"text-align: justify;\">Fai rosolare la carne a fuoco vivo in un soffritto con olio e qualche pezzetto di pancetta nostrana assicurandoti di dorare tutti i lati del coniglio. Dopo pochi minuti abbassa il fuoco e sfuma con un bicchiere di vino bianco o con del brodo caldo. Copri con un coperchio e cuoci a fuoco basso per circa un&#8217;ora assicurandoti\u00a0che la carne resti sempre umida. Un piatto tradizionale in chiave moderna!!!<\/p>\n<h2>Arrosto di vitello lardellato<\/h2>\n<p><a href=\"http:\/\/www.macelleriacolleoni.it\/wp-content\/uploads\/2015\/11\/arrosto-vitello.png\"><img loading=\"lazy\" class=\"alignleft size-thumbnail wp-image-238\" style=\"margin-right: 10px; margin-left: 10px;\" alt=\"arrosto vitello\" src=\"http:\/\/www.macelleriacolleoni.it\/wp-content\/uploads\/2015\/11\/arrosto-vitello-150x150.png\" width=\"150\" height=\"150\" \/><\/a><\/p>\n<p style=\"text-align: justify;\">La carne di vitello \u00e8 sicuramente la pi\u00f9 tenera e\u00a0magra ma se\u00a0si esagera con la cottura rischia di diventare un po\u2019 asciutta e stopposa. Noi abbiamo il rimedio ideale: la lardellatura della carne! Con l\u2019apposito \u201c<strong>ago lardellatore<\/strong>\u201d inseriamo nel pezzo di carne da\u00a0te scelto delle liste di lardo o pancetta per\u00a0assicurarti un risultato strepitoso.<\/p>\n<p style=\"text-align: justify;\">Fai rosolare la carne a fuoco vivo in un filo di olio assicurandoti di dorare tutti i lati. Dopo pochi minuti abbassa il fuoco e sfuma con un bicchiere di vino bianco o con del brodo caldo. Copri con un coperchio e cuoci a fuoco basso per circa 1\/2 ore (a seconda del peso e del tipo di carne scelto) assicurandoti\u00a0che la carne resti sempre umida. Un piatto che piace anche ai pi\u00f9 piccoli!!!<\/p>\n<h2>Brasato\u00a0del Colleoni<\/h2>\n<p><a href=\"http:\/\/www.macelleriacolleoni.it\/wp-content\/uploads\/2015\/11\/BRASATO-AL-BAROLO.png\"><img loading=\"lazy\" class=\"alignleft size-thumbnail wp-image-237\" style=\"margin-right: 10px; margin-left: 10px;\" alt=\"BRASATO AL BAROLO\" src=\"http:\/\/www.macelleriacolleoni.it\/wp-content\/uploads\/2015\/11\/BRASATO-AL-BAROLO-150x150.png\" width=\"150\" height=\"150\" \/><\/a><\/p>\n<p style=\"text-align: justify;\">Per la perfetta riuscita del brasato \u00e8 fondamentale scegliere con accuratezza il pezzo di carne adatto e procedere ad una <strong>corretta marinatura<\/strong> dello stesso. Noi siamo lieti di offrirti la carne adatta a questo tipo di cottura (e alle esigenze della tua famiglia) gi\u00e0 marinata e legata&#8230;pronta da mettere in padella!!!<\/p>\n<p style=\"text-align: justify;\">Fai rosolare la carne a fuoco vivo in un filo di olio assicurandoti di dorare tutti i lati. Dopo pochi minuti aggiungi tutti gli ingredienti della nostra marinatura in modo da coprire interamente la carne. Copri con un coperchio e cuoci a fuoco basso per circa 2\/3 ore. Al termine della cottura taglia la carne e servila con l\u2019intingolo della cottura. Il successo \u00e8 assicurato!!!<\/p>\n","protected":false},"excerpt":{"rendered":"<p>Ossibuchi di vitello in umido L&#8217;ossobuco in umido \u00e8 un secondo piatto di origine lombarda che viene solitamente preparato e consumato durante la stagione fredda. In macelleria li potrai trovare gi\u00e0 pronti da mettere in padella: tagliati della giusta altezza, come da tradizione, e con delle incisioni sui bordi in modo che in cottura non [&hellip;]<\/p>\n","protected":false},"author":1,"featured_media":0,"parent":0,"menu_order":6,"comment_status":"closed","ping_status":"closed","template":"page-templates\/full-width.php","meta":[],"_links":{"self":[{"href":"https:\/\/www.macelleriacolleoni.it\/index.php?rest_route=\/wp\/v2\/pages\/16"}],"collection":[{"href":"https:\/\/www.macelleriacolleoni.it\/index.php?rest_route=\/wp\/v2\/pages"}],"about":[{"href":"https:\/\/www.macelleriacolleoni.it\/index.php?rest_route=\/wp\/v2\/types\/page"}],"author":[{"embeddable":true,"href":"https:\/\/www.macelleriacolleoni.it\/index.php?rest_route=\/wp\/v2\/users\/1"}],"replies":[{"embeddable":true,"href":"https:\/\/www.macelleriacolleoni.it\/index.php?rest_route=%2Fwp%2Fv2%2Fcomments&post=16"}],"version-history":[{"count":2,"href":"https:\/\/www.macelleriacolleoni.it\/index.php?rest_route=\/wp\/v2\/pages\/16\/revisions"}],"predecessor-version":[{"id":72,"href":"https:\/\/www.macelleriacolleoni.it\/index.php?rest_route=\/wp\/v2\/pages\/16\/revisions\/72"}],"wp:attachment":[{"href":"https:\/\/www.macelleriacolleoni.it\/index.php?rest_route=%2Fwp%2Fv2%2Fmedia&parent=16"}],"curies":[{"name":"wp","href":"https:\/\/api.w.org\/{rel}","templated":true}]}}